{"id":236,"date":"2019-03-08T08:35:50","date_gmt":"2019-03-08T08:35:50","guid":{"rendered":"http:\/\/bias.webagentur-dokoupil.de\/?page_id=236"},"modified":"2023-08-02T12:22:24","modified_gmt":"2023-08-02T10:22:24","slug":"haus-bias","status":"publish","type":"page","link":"https:\/\/haus-bias.de\/fewo\/haus-bias\/","title":{"rendered":"Haus Bias"},"content":{"rendered":"<div class=\"wpb-content-wrapper\"><div class=\"vc_row wpb_row vc_row-fluid\"><div class=\"wpb_column vc_column_container vc_col-sm-12\"><div class=\"vc_column-inner\"><div class=\"wpb_wrapper\"><div id=\"ts-vcsc-icon-title-parent-3886120\" class=\"ts-vcsc-icon-title-parent     clearFixMe \" style=\"height: auto; margin-top:0px; margin-bottom:20px; font-family: Palatino Linotype, Book Antiqua, Palatino, serif; \"><div style=\"height: 100%; ; padding: 0px; font-size: 30px; text-align: center; color: #3d3d3d; font-weight:normal; \" class=\"ts-vcsc-icon-title ts-shortcode  ts-icon-title  simple-style\"><div class=\"\" style=\"width: 100%; line-height: 33px; vertical-align: middle;\"><div class=\"\" style=\"\"><div class=\"simple-style \" style=\"\"><div class=\"ts-icon-title-text \" style=\" text-align: center; line-height: 33px; font-size: 30px; \">Haus Bias<\/div><\/div><\/div><\/div><\/div><\/div><div class=\"clearboth\"><\/div><div id=\"ts-vcsc-icon-title-parent-6365314\" class=\"ts-vcsc-icon-title-parent     clearFixMe \" style=\"height: auto; margin-top:0px; margin-bottom:50px; font-family: Palatino Linotype, Book Antiqua, Palatino, serif; \"><div style=\"height: 100%; ; padding: 0px; font-size: 20px; text-align: center; color: #3d3d3d; font-weight:normal; \" class=\"ts-vcsc-icon-title ts-shortcode  ts-icon-title  simple-style\"><div class=\"\" style=\"width: 100%; line-height: 33px; vertical-align: middle;\"><div class=\"\" style=\"\"><div class=\"simple-style \" style=\"\"><div class=\"ts-icon-title-text \" style=\" text-align: center; line-height: 33px; font-size: 20px; \">Appartements f\u00fcr 2-3 Personen im Vormann-Otten-Weg 20<\/div><\/div><\/div><\/div><\/div><\/div><div class=\"clearboth\"><\/div><div class=\"vc_separator wpb_content_element vc_separator_align_center vc_sep_width_100 vc_sep_pos_align_center vc_separator_no_text vc_sep_color_grey wpb_content_element  wpb_content_element\" ><span class=\"vc_sep_holder vc_sep_holder_l\"><span class=\"vc_sep_line\"><\/span><\/span><span class=\"vc_sep_holder vc_sep_holder_r\"><span class=\"vc_sep_line\"><\/span><\/span>\n<\/div>\n\t<div class=\"wpb_text_column wpb_content_element\" >\n\t\t<div class=\"wpb_wrapper\">\n\t\t\t<p style=\"text-align: center;\">Das Haus Bias liegt zentral im Ort im Vormann-Otten-Weg direkt an einem kleinen Park und bietet Appartements f\u00fcr 2-3 Personen. Zum Strand sind es nur wenige Minuten. Die Wohnungen im Haus Bias haben zum gro\u00dfen Teil S\u00fcdbalkone.<br \/>\nWir erwarten unsere G\u00e4ste in einer gepflegten Atmosph\u00e4re.<br \/>\nHaustiere sind in diesem Haus nicht erlaubt.<\/p>\n<p style=\"text-align: center;\">Alle Wohnungen bieten eine gehobene Ausstattung: WLAN, TV, Radio sind selbstverst\u00e4ndlich vorhanden.<\/p>\n\n\t\t<\/div>\n\t<\/div>\n\n\t<div  class=\"wpb_single_image wpb_content_element vc_align_center wpb_content_element\">\n\t\t\n\t\t<figure class=\"wpb_wrapper vc_figure\">\n\t\t\t<div class=\"vc_single_image-wrapper   vc_box_border_grey\"><img decoding=\"async\" class=\"vc_single_image-img \" src=\"https:\/\/haus-bias.de\/fewo\/wp-content\/uploads\/2019\/04\/Haus_Bias.jpg\" width=\"540\" height=\"426\" alt=\"Haus_Bias\" title=\"Haus_Bias\" loading=\"lazy\" \/><\/div>\n\t\t<\/figure>\n\t<\/div>\n<\/div><\/div><\/div><\/div>\n<\/div>","protected":false},"excerpt":{"rendered":"Haus BiasAppartements f\u00fcr 2-3 Personen im Vormann-Otten-Weg 20 Das Haus Bias liegt zentral im Ort im Vormann-Otten-Weg direkt an einem kleinen Park und bietet Appartements f\u00fcr 2-3 Personen. Zum Strand sind es nur wenige Minuten. Die Wohnungen im Haus Bias haben zum gro\u00dfen Teil S\u00fcdbalkone. Wir erwarten unsere G\u00e4ste in einer gepflegten Atmosph\u00e4re. Haustiere sind [...]","protected":false},"author":1,"featured_media":0,"parent":0,"menu_order":0,"comment_status":"closed","ping_status":"closed","template":"","meta":{"footnotes":""},"class_list":["post-236","page","type-page","status-publish","hentry"],"_links":{"self":[{"href":"https:\/\/haus-bias.de\/fewo\/wp-json\/wp\/v2\/pages\/236","targetHints":{"allow":["GET"]}}],"collection":[{"href":"https:\/\/haus-bias.de\/fewo\/wp-json\/wp\/v2\/pages"}],"about":[{"href":"https:\/\/haus-bias.de\/fewo\/wp-json\/wp\/v2\/types\/page"}],"author":[{"embeddable":true,"href":"https:\/\/haus-bias.de\/fewo\/wp-json\/wp\/v2\/users\/1"}],"replies":[{"embeddable":true,"href":"https:\/\/haus-bias.de\/fewo\/wp-json\/wp\/v2\/comments?post=236"}],"version-history":[{"count":11,"href":"https:\/\/haus-bias.de\/fewo\/wp-json\/wp\/v2\/pages\/236\/revisions"}],"predecessor-version":[{"id":1059,"href":"https:\/\/haus-bias.de\/fewo\/wp-json\/wp\/v2\/pages\/236\/revisions\/1059"}],"wp:attachment":[{"href":"https:\/\/haus-bias.de\/fewo\/wp-json\/wp\/v2\/media?parent=236"}],"curies":[{"name":"wp","href":"https:\/\/api.w.org\/{rel}","templated":true}]}}