{"id":242,"date":"2019-03-08T08:36:10","date_gmt":"2019-03-08T08:36:10","guid":{"rendered":"http:\/\/bias.webagentur-dokoupil.de\/?page_id=242"},"modified":"2023-08-02T12:03:00","modified_gmt":"2023-08-02T10:03:00","slug":"haus-anja","status":"publish","type":"page","link":"https:\/\/haus-bias.de\/fewo\/haus-anja\/","title":{"rendered":"Haus Anja"},"content":{"rendered":"<div class=\"wpb-content-wrapper\"><div class=\"vc_row wpb_row vc_row-fluid\"><div class=\"wpb_column vc_column_container vc_col-sm-12\"><div class=\"vc_column-inner\"><div class=\"wpb_wrapper\"><div id=\"ts-vcsc-icon-title-parent-6083463\" class=\"ts-vcsc-icon-title-parent     clearFixMe \" style=\"height: auto; margin-top:0px; margin-bottom:20px; font-family: Palatino Linotype, Book Antiqua, Palatino, serif; \"><div style=\"height: 100%; ; padding: 0px; font-size: 30px; text-align: center; color: #3d3d3d; font-weight:normal; \" class=\"ts-vcsc-icon-title ts-shortcode  ts-icon-title  simple-style\"><div class=\"\" style=\"width: 100%; line-height: 33px; vertical-align: middle;\"><div class=\"\" style=\"\"><div class=\"simple-style \" style=\"\"><div class=\"ts-icon-title-text \" style=\" text-align: center; line-height: 33px; font-size: 30px; \">Haus Anja<\/div><\/div><\/div><\/div><\/div><\/div><div class=\"clearboth\"><\/div><div id=\"ts-vcsc-icon-title-parent-9616332\" class=\"ts-vcsc-icon-title-parent     clearFixMe \" style=\"height: auto; margin-top:0px; margin-bottom:50px; font-family: Palatino Linotype, Book Antiqua, Palatino, serif; \"><div style=\"height: 100%; ; padding: 0px; font-size: 20px; text-align: center; color: #3d3d3d; font-weight:normal; \" class=\"ts-vcsc-icon-title ts-shortcode  ts-icon-title  simple-style\"><div class=\"\" style=\"width: 100%; line-height: 33px; vertical-align: middle;\"><div class=\"\" style=\"\"><div class=\"simple-style \" style=\"\"><div class=\"ts-icon-title-text \" style=\" text-align: center; line-height: 33px; font-size: 20px; \">Ferienwohnungen f\u00fcr 2-5 Personen im Petersweg 5<\/div><\/div><\/div><\/div><\/div><\/div><div class=\"clearboth\"><\/div><div class=\"vc_separator wpb_content_element vc_separator_align_center vc_sep_width_100 vc_sep_pos_align_center vc_separator_no_text vc_sep_color_grey wpb_content_element  wpb_content_element\" ><span class=\"vc_sep_holder vc_sep_holder_l\"><span class=\"vc_sep_line\"><\/span><\/span><span class=\"vc_sep_holder vc_sep_holder_r\"><span class=\"vc_sep_line\"><\/span><\/span>\n<\/div>\n\t<div class=\"wpb_text_column wpb_content_element\" >\n\t\t<div class=\"wpb_wrapper\">\n\t\t\t<p style=\"text-align: center;\">Das Haus Anja liegt im Petersweg und bietet 2 Appartements f\u00fcr 4-5 Personen.<br \/>\nZum Strand und in den Ort sind es nur wenige Minuten.<br \/>\nWir erwarten unsere G\u00e4ste in einer gepflegten Atmosph\u00e4re.<br \/>\nHaustiere sind in diesem Haus nicht erlaubt.<br \/>\nAlle Wohnungen bieten eine gehobene Ausstattung, TV und Radio.<\/p>\n<p>&nbsp;<\/p>\n\n\t\t<\/div>\n\t<\/div>\n\n\t<div  class=\"wpb_single_image wpb_content_element vc_align_center wpb_content_element\">\n\t\t\n\t\t<figure class=\"wpb_wrapper vc_figure\">\n\t\t\t<div class=\"vc_single_image-wrapper   vc_box_border_grey\"><img decoding=\"async\" class=\"vc_single_image-img \" src=\"https:\/\/haus-bias.de\/fewo\/wp-content\/uploads\/2019\/06\/Haus_Anja_neu-3-720x540.jpg\" width=\"720\" height=\"540\" alt=\"Haus_Anja_neu-3\" title=\"Haus_Anja_neu-3\" loading=\"lazy\" \/><\/div>\n\t\t<\/figure>\n\t<\/div>\n<\/div><\/div><\/div><\/div>\n<\/div>","protected":false},"excerpt":{"rendered":"Haus AnjaFerienwohnungen f\u00fcr 2-5 Personen im Petersweg 5 Das Haus Anja liegt im Petersweg und bietet 2 Appartements f\u00fcr 4-5 Personen. Zum Strand und in den Ort sind es nur wenige Minuten. Wir erwarten unsere G\u00e4ste in einer gepflegten Atmosph\u00e4re. Haustiere sind in diesem Haus nicht erlaubt. Alle Wohnungen bieten eine gehobene Ausstattung, TV und [...]","protected":false},"author":1,"featured_media":0,"parent":0,"menu_order":0,"comment_status":"closed","ping_status":"closed","template":"","meta":{"footnotes":""},"class_list":["post-242","page","type-page","status-publish","hentry"],"_links":{"self":[{"href":"https:\/\/haus-bias.de\/fewo\/wp-json\/wp\/v2\/pages\/242","targetHints":{"allow":["GET"]}}],"collection":[{"href":"https:\/\/haus-bias.de\/fewo\/wp-json\/wp\/v2\/pages"}],"about":[{"href":"https:\/\/haus-bias.de\/fewo\/wp-json\/wp\/v2\/types\/page"}],"author":[{"embeddable":true,"href":"https:\/\/haus-bias.de\/fewo\/wp-json\/wp\/v2\/users\/1"}],"replies":[{"embeddable":true,"href":"https:\/\/haus-bias.de\/fewo\/wp-json\/wp\/v2\/comments?post=242"}],"version-history":[{"count":11,"href":"https:\/\/haus-bias.de\/fewo\/wp-json\/wp\/v2\/pages\/242\/revisions"}],"predecessor-version":[{"id":1046,"href":"https:\/\/haus-bias.de\/fewo\/wp-json\/wp\/v2\/pages\/242\/revisions\/1046"}],"wp:attachment":[{"href":"https:\/\/haus-bias.de\/fewo\/wp-json\/wp\/v2\/media?parent=242"}],"curies":[{"name":"wp","href":"https:\/\/api.w.org\/{rel}","templated":true}]}}