{"id":253,"date":"2019-03-08T08:37:26","date_gmt":"2019-03-08T08:37:26","guid":{"rendered":"http:\/\/bias.webagentur-dokoupil.de\/?page_id=253"},"modified":"2025-12-11T09:17:05","modified_gmt":"2025-12-11T08:17:05","slug":"startseite","status":"publish","type":"page","link":"https:\/\/haus-bias.de\/fewo\/","title":{"rendered":"Startseite"},"content":{"rendered":"<div class=\"wpb-content-wrapper\"><div class=\"vc_row wpb_row vc_row-fluid\"><div class=\"wpb_column vc_column_container vc_col-sm-12\"><div class=\"vc_column-inner\"><div class=\"wpb_wrapper\"><div id=\"ts-vcsc-icon-title-parent-4726610\" class=\"ts-vcsc-icon-title-parent     clearFixMe \" style=\"height: auto; margin-top:0px; margin-bottom:0px; font-family: Palatino Linotype, Book Antiqua, Palatino, serif; \"><div style=\"height: 100%; ; padding: 0px; font-size: 30px; text-align: center; color: #3d3d3d; font-weight:normal; \" class=\"ts-vcsc-icon-title ts-shortcode  ts-icon-title  simple-style\"><div class=\"\" style=\"width: 100%; line-height: 33px; vertical-align: middle;\"><div class=\"\" style=\"\"><div class=\"simple-style \" style=\"\"><div class=\"ts-icon-title-text \" style=\" text-align: center; line-height: 33px; font-size: 30px; \">Ferienwohnungen bei Familie Bias<\/div><\/div><\/div><\/div><\/div><\/div><div class=\"clearboth\"><\/div>\n\t<div class=\"wpb_text_column wpb_content_element\" >\n\t\t<div class=\"wpb_wrapper\">\n\t\t\t<p style=\"text-align: center;\">In unseren H\u00e4usern bieten wir Ihnen komfortable Ferienwohnungen f\u00fcr 2-5 Personen.<br \/>\nAlle Wohnungen sind mit WLAN, TV, Radio, Bett- und Tischw\u00e4sche, Hand- und Duscht\u00fcchern ausgestattet.<br \/>\nAus jedem unserer H\u00e4user gelangen Sie in nur wenigen Minuten zum Strand und in den Ort!<\/p>\n<p style=\"text-align: center;\">Haustiere sind in unseren H\u00e4usern nicht erlaubt. Alle Wohnungen sind Nichtraucher-Wohnungen.<br \/>\nWir freuen uns darauf, Sie als G\u00e4ste in unserem Haus begr\u00fc\u00dfen zu d\u00fcrfen!<\/p>\n\n\t\t<\/div>\n\t<\/div>\n<div class=\"vc_separator wpb_content_element vc_separator_align_center vc_sep_width_100 vc_sep_pos_align_center vc_separator_no_text vc_sep_color_grey wpb_content_element  wpb_content_element\" ><span class=\"vc_sep_holder vc_sep_holder_l\"><span class=\"vc_sep_line\"><\/span><\/span><span class=\"vc_sep_holder vc_sep_holder_r\"><span class=\"vc_sep_line\"><\/span><\/span>\n<\/div><\/div><\/div><\/div><\/div><div class=\"vc_row wpb_row vc_row-fluid\"><div class=\"wpb_column vc_column_container vc_col-sm-12\"><div class=\"vc_column-inner\"><div class=\"wpb_wrapper\"><div id=\"ts-vcsc-icon-title-parent-8823586\" class=\"ts-vcsc-icon-title-parent     clearFixMe \" style=\"height: auto; margin-top:0px; margin-bottom:0px; font-family: Palatino Linotype, Book Antiqua, Palatino, serif; \"><div style=\"height: 100%; ; padding: 0px; font-size: 25px; text-align: center; color: #3d3d3d; font-weight:normal; \" class=\"ts-vcsc-icon-title ts-shortcode  ts-icon-title  simple-style\"><div class=\"\" style=\"width: 100%; line-height: 33px; vertical-align: middle;\"><div class=\"\" style=\"\"><div class=\"simple-style \" style=\"\"><div class=\"ts-icon-title-text \" style=\" text-align: center; line-height: 33px; font-size: 25px; \">Unsere H\u00e4user<\/div><\/div><\/div><\/div><\/div><\/div><div class=\"clearboth\"><\/div><div class=\"vc_empty_space\"   style=\"height: 30px\"><span class=\"vc_empty_space_inner\"><\/span><\/div><div class=\"vc_row wpb_row vc_inner vc_row-fluid vc_row-o-equal-height vc_row-flex\"><div class=\"wpb_column vc_column_container vc_col-sm-4\"><div class=\"vc_column-inner\"><div class=\"wpb_wrapper\">\n\t<div  class=\"wpb_single_image wpb_content_element vc_align_center wpb_content_element\">\n\t\t\n\t\t<figure class=\"wpb_wrapper vc_figure\">\n\t\t\t<a href=\"https:\/\/haus-bias.de\/fewo\/haus-bias\/\" target=\"_self\" class=\"vc_single_image-wrapper   vc_box_border_grey\"><img loading=\"lazy\" decoding=\"async\" width=\"300\" height=\"237\" src=\"https:\/\/haus-bias.de\/fewo\/wp-content\/uploads\/2019\/04\/Haus_Bias-300x237.jpg\" class=\"vc_single_image-img attachment-medium\" alt=\"\" title=\"Haus_Bias\" srcset=\"https:\/\/haus-bias.de\/fewo\/wp-content\/uploads\/2019\/04\/Haus_Bias-300x237.jpg 300w, https:\/\/haus-bias.de\/fewo\/wp-content\/uploads\/2019\/04\/Haus_Bias-450x355.jpg 450w, https:\/\/haus-bias.de\/fewo\/wp-content\/uploads\/2019\/04\/Haus_Bias.jpg 540w\" sizes=\"auto, (max-width: 300px) 100vw, 300px\" \/><\/a>\n\t\t<\/figure>\n\t<\/div>\n<div id=\"ts-vcsc-creativelink-1305045\" class=\"ts-creativelink-wrapper clearFixMe    \" data-effect=\"effect-9\" data-text-color=\"#757575\" data-text-hover=\"#6786a1\" data-back-color=\"#ededed\" data-back-hover=\"#cccccc\"  style=\"margin-top: 20px; margin-bottom: 20px; font-family: Palatino Linotype, Book Antiqua, Palatino, serif; \"><nav class=\"ts-creative-link-effect-9\" style=\"text-align: center;\"><a id=\"\" class=\" ts-creativelink-transform-capitalize \" href=\"https:\/\/haus-bias.de\/fewo\/haus-bias\/\" target=\"\"  title=\"Haus Bias\"   data-hover=\"Haus Bias\"><span data-hover=\"Haus Bias\">Haus Bias<\/span><span>2-3 Personen<\/span><\/a><\/nav><\/div><\/div><\/div><\/div><div class=\"wpb_column vc_column_container vc_col-sm-4\"><div class=\"vc_column-inner\"><div class=\"wpb_wrapper\">\n\t<div  class=\"wpb_single_image wpb_content_element vc_align_center wpb_content_element\">\n\t\t\n\t\t<figure class=\"wpb_wrapper vc_figure\">\n\t\t\t<a href=\"https:\/\/haus-bias.de\/fewo\/haus-anja\/\" target=\"_self\" class=\"vc_single_image-wrapper   vc_box_border_grey\"><img loading=\"lazy\" decoding=\"async\" width=\"300\" height=\"225\" src=\"https:\/\/haus-bias.de\/fewo\/wp-content\/uploads\/2019\/06\/Haus_Anja_neu-3-300x225.jpg\" class=\"vc_single_image-img attachment-medium\" alt=\"\" title=\"Haus_Anja_neu-3\" srcset=\"https:\/\/haus-bias.de\/fewo\/wp-content\/uploads\/2019\/06\/Haus_Anja_neu-3-300x225.jpg 300w, https:\/\/haus-bias.de\/fewo\/wp-content\/uploads\/2019\/06\/Haus_Anja_neu-3-768x576.jpg 768w, https:\/\/haus-bias.de\/fewo\/wp-content\/uploads\/2019\/06\/Haus_Anja_neu-3-1030x773.jpg 1030w, https:\/\/haus-bias.de\/fewo\/wp-content\/uploads\/2019\/06\/Haus_Anja_neu-3-1200x900.jpg 1200w, https:\/\/haus-bias.de\/fewo\/wp-content\/uploads\/2019\/06\/Haus_Anja_neu-3-705x529.jpg 705w, https:\/\/haus-bias.de\/fewo\/wp-content\/uploads\/2019\/06\/Haus_Anja_neu-3-450x338.jpg 450w, https:\/\/haus-bias.de\/fewo\/wp-content\/uploads\/2019\/06\/Haus_Anja_neu-3.jpg 1440w\" sizes=\"auto, (max-width: 300px) 100vw, 300px\" \/><\/a>\n\t\t<\/figure>\n\t<\/div>\n<div id=\"ts-vcsc-creativelink-6493367\" class=\"ts-creativelink-wrapper clearFixMe    \" data-effect=\"effect-9\" data-text-color=\"#757575\" data-text-hover=\"#6786a1\" data-back-color=\"#ededed\" data-back-hover=\"#cccccc\"  style=\"margin-top: 20px; margin-bottom: 20px; font-family: Palatino Linotype, Book Antiqua, Palatino, serif; \"><nav class=\"ts-creative-link-effect-9\" style=\"text-align: center;\"><a id=\"\" class=\" ts-creativelink-transform-capitalize \" href=\"https:\/\/haus-bias.de\/fewo\/haus-anja\/\" target=\"\"  title=\"Haus Bias\"   data-hover=\"Haus Anja\"><span data-hover=\"Haus Anja\">Haus Anja<\/span><span>2-5 Personen<\/span><\/a><\/nav><\/div><\/div><\/div><\/div><div class=\"wpb_column vc_column_container vc_col-sm-4\"><div class=\"vc_column-inner\"><div class=\"wpb_wrapper\">\n\t<div  class=\"wpb_single_image wpb_content_element vc_align_center wpb_content_element\">\n\t\t\n\t\t<figure class=\"wpb_wrapper vc_figure\">\n\t\t\t<a href=\"https:\/\/haus-bias.de\/fewo\/ferienwohnung-vormannskammer\/\" target=\"_self\" class=\"vc_single_image-wrapper   vc_box_border_grey\"><img loading=\"lazy\" decoding=\"async\" width=\"300\" height=\"225\" src=\"https:\/\/haus-bias.de\/fewo\/wp-content\/uploads\/2025\/12\/Bias-300x225.jpeg\" class=\"vc_single_image-img attachment-medium\" alt=\"\" title=\"Bias\" srcset=\"https:\/\/haus-bias.de\/fewo\/wp-content\/uploads\/2025\/12\/Bias-300x225.jpeg 300w, https:\/\/haus-bias.de\/fewo\/wp-content\/uploads\/2025\/12\/Bias-1030x773.jpeg 1030w, https:\/\/haus-bias.de\/fewo\/wp-content\/uploads\/2025\/12\/Bias-768x576.jpeg 768w, https:\/\/haus-bias.de\/fewo\/wp-content\/uploads\/2025\/12\/Bias-1536x1152.jpeg 1536w, https:\/\/haus-bias.de\/fewo\/wp-content\/uploads\/2025\/12\/Bias-2048x1536.jpeg 2048w, https:\/\/haus-bias.de\/fewo\/wp-content\/uploads\/2025\/12\/Bias-1500x1125.jpeg 1500w, https:\/\/haus-bias.de\/fewo\/wp-content\/uploads\/2025\/12\/Bias-705x529.jpeg 705w\" sizes=\"auto, (max-width: 300px) 100vw, 300px\" \/><\/a>\n\t\t<\/figure>\n\t<\/div>\n<div id=\"ts-vcsc-creativelink-4600053\" class=\"ts-creativelink-wrapper clearFixMe    \" data-effect=\"effect-9\" data-text-color=\"#757575\" data-text-hover=\"#6786a1\" data-back-color=\"#ededed\" data-back-hover=\"#cccccc\"  style=\"margin-top: 20px; margin-bottom: 20px; font-family: Palatino Linotype, Book Antiqua, Palatino, serif; \"><nav class=\"ts-creative-link-effect-9\" style=\"text-align: center;\"><a id=\"\" class=\" ts-creativelink-transform-capitalize \" href=\"https:\/\/haus-bias.de\/fewo\/ferienwohnung-vormannskammer\/\" target=\"\"  title=\"Haus Bias\"   data-hover=\"Ferienwohnung Vormannskammer\"><span data-hover=\"Ferienwohnung Vormannskammer\">Ferienwohnung Vormannskammer<\/span><span>2-4 Personen<\/span><\/a><\/nav><\/div><\/div><\/div><\/div><\/div><\/div><\/div><\/div><\/div>\n<\/div>","protected":false},"excerpt":{"rendered":"Ferienwohnungen bei Familie Bias In unseren H\u00e4usern bieten wir Ihnen komfortable Ferienwohnungen f\u00fcr 2-5 Personen. Alle Wohnungen sind mit WLAN, TV, Radio, Bett- und Tischw\u00e4sche, Hand- und Duscht\u00fcchern ausgestattet. Aus jedem unserer H\u00e4user gelangen Sie in nur wenigen Minuten zum Strand und in den Ort! Haustiere sind in unseren H\u00e4usern nicht erlaubt. Alle Wohnungen sind [...]","protected":false},"author":1,"featured_media":0,"parent":0,"menu_order":0,"comment_status":"closed","ping_status":"closed","template":"","meta":{"footnotes":""},"class_list":["post-253","page","type-page","status-publish","hentry"],"_links":{"self":[{"href":"https:\/\/haus-bias.de\/fewo\/wp-json\/wp\/v2\/pages\/253","targetHints":{"allow":["GET"]}}],"collection":[{"href":"https:\/\/haus-bias.de\/fewo\/wp-json\/wp\/v2\/pages"}],"about":[{"href":"https:\/\/haus-bias.de\/fewo\/wp-json\/wp\/v2\/types\/page"}],"author":[{"embeddable":true,"href":"https:\/\/haus-bias.de\/fewo\/wp-json\/wp\/v2\/users\/1"}],"replies":[{"embeddable":true,"href":"https:\/\/haus-bias.de\/fewo\/wp-json\/wp\/v2\/comments?post=253"}],"version-history":[{"count":39,"href":"https:\/\/haus-bias.de\/fewo\/wp-json\/wp\/v2\/pages\/253\/revisions"}],"predecessor-version":[{"id":1232,"href":"https:\/\/haus-bias.de\/fewo\/wp-json\/wp\/v2\/pages\/253\/revisions\/1232"}],"wp:attachment":[{"href":"https:\/\/haus-bias.de\/fewo\/wp-json\/wp\/v2\/media?parent=253"}],"curies":[{"name":"wp","href":"https:\/\/api.w.org\/{rel}","templated":true}]}}