{"id":304,"date":"2019-03-08T12:22:59","date_gmt":"2019-03-08T12:22:59","guid":{"rendered":"http:\/\/bias.webagentur-dokoupil.de\/?page_id=304"},"modified":"2023-09-08T12:44:30","modified_gmt":"2023-09-08T10:44:30","slug":"buchungsanfrage","status":"publish","type":"page","link":"https:\/\/haus-bias.de\/fewo\/buchungsanfrage\/","title":{"rendered":"Buchungsanfrage"},"content":{"rendered":"<div class=\"wpb-content-wrapper\"><div class=\"vc_row wpb_row vc_row-fluid\"><div class=\"wpb_column vc_column_container vc_col-sm-12\"><div class=\"vc_column-inner\"><div class=\"wpb_wrapper\"><div id=\"ts-vcsc-icon-title-parent-2715829\" class=\"ts-vcsc-icon-title-parent     clearFixMe \" style=\"height: auto; margin-top:0px; margin-bottom:30px; font-family: Palatino Linotype, Book Antiqua, Palatino, serif; \"><div style=\"height: 100%; ; padding: 0px; font-size: 30px; text-align: center; color: #3d3d3d; font-weight:normal; \" class=\"ts-vcsc-icon-title ts-shortcode  ts-icon-title  simple-style\"><div class=\"\" style=\"width: 100%; line-height: 33px; vertical-align: middle;\"><div class=\"\" style=\"\"><div class=\"simple-style \" style=\"\"><div class=\"ts-icon-title-text \" style=\" text-align: center; line-height: 33px; font-size: 30px; \">Unverbindliche Buchungsanfrage<\/div><\/div><\/div><\/div><\/div><\/div><div class=\"clearboth\"><\/div>\n\t<div class=\"wpb_text_column wpb_content_element\" >\n\t\t<div class=\"wpb_wrapper\">\n\t\t\t<p style=\"text-align: center;\">F\u00fcllen Sie das folgende Formular aus, um uns eine unverbindliche Buchungsanfrage f\u00fcr die Wohnung Ihrer Wahl zu schicken.<br \/>\nWir werden uns dann bei Ihnen melden!<\/p>\n\n\t\t<\/div>\n\t<\/div>\n\n\t<div class=\"wpb_text_column wpb_content_element\" >\n\t\t<div class=\"wpb_wrapper\">\n\t\t\t<div class=\"caldera-grid\" id=\"caldera_form_1\" data-cf-ver=\"1.9.7\" data-cf-form-id=\"CF5c9119be40abf\"><div id=\"caldera_notices_1\" data-spinner=\"https:\/\/haus-bias.de\/fewo\/wp-admin\/images\/spinner.gif\"><\/div><form data-instance=\"1\" class=\"CF5c9119be40abf caldera_forms_form cfajax-trigger\" method=\"POST\" enctype=\"multipart\/form-data\" id=\"CF5c9119be40abf_1\" data-form-id=\"CF5c9119be40abf\" aria-label=\"Buchungsanfrage\" data-target=\"#caldera_notices_1\" data-template=\"#cfajax_CF5c9119be40abf-tmpl\" data-cfajax=\"CF5c9119be40abf\" data-load-element=\"_parent\" data-load-class=\"cf_processing\" data-post-disable=\"0\" data-action=\"cf_process_ajax_submit\" data-request=\"https:\/\/haus-bias.de\/fewo\/cf-api\/CF5c9119be40abf\" data-hiderows=\"true\">\r\n<input type=\"hidden\" id=\"_cf_verify_CF5c9119be40abf\" name=\"_cf_verify\" value=\"90161624e7\"  data-nonce-time=\"1776368409\" \/><input type=\"hidden\" name=\"_wp_http_referer\" value=\"\/fewo\/wp-json\/wp\/v2\/pages\/304\" \/><div id=\"cf2-CF5c9119be40abf_1\"><\/div><input type=\"hidden\" name=\"_cf_frm_id\" value=\"CF5c9119be40abf\">\r\n<input type=\"hidden\" name=\"_cf_frm_ct\" value=\"1\">\r\n<input type=\"hidden\" name=\"cfajax\" value=\"CF5c9119be40abf\">\r\n<input type=\"hidden\" name=\"_cf_cr_pst\" value=\"304\">\r\n<div class=\"hide\" style=\"display:none; overflow:hidden;height:0;width:0;\">\r\n<label>Phone<\/label><input type=\"text\" name=\"phone\" value=\"\" autocomplete=\"off\">\r\n<\/div><div id=\"CF5c9119be40abf_1-row-1\"  class=\"row  first_row\"><div  class=\"col-sm-6  first_col\"><div data-field-wrapper=\"fld_5335967\" class=\"form-group\" id=\"fld_5335967_1-wrap\">\r\n\t<label id=\"fld_5335967Label\" for=\"fld_5335967_1\" class=\"control-label\">Vorname <span aria-hidden=\"true\" role=\"presentation\" class=\"field_required\" style=\"color:#ee0000;\">*<\/span><\/label>\r\n\t<div class=\"\">\r\n\t\t<input   required type=\"text\" data-field=\"fld_5335967\" class=\" form-control\" id=\"fld_5335967_1\" name=\"fld_5335967\" value=\"\" data-type=\"text\" aria-required=\"true\"   aria-labelledby=\"fld_5335967Label\" >\t\t\t<\/div>\r\n<\/div>\r\n<\/div><div  class=\"col-sm-6  last_col\"><div data-field-wrapper=\"fld_345597\" class=\"form-group\" id=\"fld_345597_1-wrap\">\r\n\t<label id=\"fld_345597Label\" for=\"fld_345597_1\" class=\"control-label\">Nachname <span aria-hidden=\"true\" role=\"presentation\" class=\"field_required\" style=\"color:#ee0000;\">*<\/span><\/label>\r\n\t<div class=\"\">\r\n\t\t<input   required type=\"text\" data-field=\"fld_345597\" class=\" form-control\" id=\"fld_345597_1\" name=\"fld_345597\" value=\"\" data-type=\"text\" aria-required=\"true\"   aria-labelledby=\"fld_345597Label\" >\t\t\t<\/div>\r\n<\/div>\r\n<\/div><\/div><div id=\"CF5c9119be40abf_1-row-2\"  class=\"row \"><div  class=\"col-sm-6  first_col\"><div data-field-wrapper=\"fld_4282978\" class=\"form-group\" id=\"fld_4282978_1-wrap\">\r\n\t<label id=\"fld_4282978Label\" for=\"fld_4282978_1\" class=\"control-label\">Stra\u00dfe <span aria-hidden=\"true\" role=\"presentation\" class=\"field_required\" style=\"color:#ee0000;\">*<\/span><\/label>\r\n\t<div class=\"\">\r\n\t\t<input   required type=\"text\" data-field=\"fld_4282978\" class=\" form-control\" id=\"fld_4282978_1\" name=\"fld_4282978\" value=\"\" data-type=\"text\" aria-required=\"true\"   aria-labelledby=\"fld_4282978Label\" >\t\t\t<\/div>\r\n<\/div>\r\n<div data-field-wrapper=\"fld_5786787\" class=\"form-group\" id=\"fld_5786787_1-wrap\">\r\n\t<label id=\"fld_5786787Label\" for=\"fld_5786787_1\" class=\"control-label\">Ort <span aria-hidden=\"true\" role=\"presentation\" class=\"field_required\" style=\"color:#ee0000;\">*<\/span><\/label>\r\n\t<div class=\"\">\r\n\t\t<input   required type=\"text\" data-field=\"fld_5786787\" class=\" form-control\" id=\"fld_5786787_1\" name=\"fld_5786787\" value=\"\" data-type=\"text\" aria-required=\"true\"   aria-labelledby=\"fld_5786787Label\" >\t\t\t<\/div>\r\n<\/div>\r\n<\/div><div  class=\"col-sm-6  last_col\"><div data-field-wrapper=\"fld_7942884\" class=\"form-group\" id=\"fld_7942884_1-wrap\">\r\n\t<label id=\"fld_7942884Label\" for=\"fld_7942884_1\" class=\"control-label\">Hausnummer <span aria-hidden=\"true\" role=\"presentation\" class=\"field_required\" style=\"color:#ee0000;\">*<\/span><\/label>\r\n\t<div class=\"\">\r\n\t\t<input   required type=\"text\" data-field=\"fld_7942884\" class=\" form-control\" id=\"fld_7942884_1\" name=\"fld_7942884\" value=\"\" data-type=\"text\" aria-required=\"true\"   aria-labelledby=\"fld_7942884Label\" >\t\t\t<\/div>\r\n<\/div>\r\n<div data-field-wrapper=\"fld_2160930\" class=\"form-group\" id=\"fld_2160930_1-wrap\">\r\n\t<label id=\"fld_2160930Label\" for=\"fld_2160930_1\" class=\"control-label\">Postleitzahl <span aria-hidden=\"true\" role=\"presentation\" class=\"field_required\" style=\"color:#ee0000;\">*<\/span><\/label>\r\n\t<div class=\"\">\r\n\t\t<input   required type=\"text\" data-field=\"fld_2160930\" class=\" form-control\" id=\"fld_2160930_1\" name=\"fld_2160930\" value=\"\" data-type=\"text\" aria-required=\"true\"   aria-labelledby=\"fld_2160930Label\" >\t\t\t<\/div>\r\n<\/div>\r\n<\/div><\/div><div id=\"CF5c9119be40abf_1-row-3\"  class=\"row \"><div  class=\"col-sm-6  first_col\"><div data-field-wrapper=\"fld_3389345\" class=\"form-group\" id=\"fld_3389345_1-wrap\">\r\n\t<label id=\"fld_3389345Label\" for=\"fld_3389345_1\" class=\"control-label\">Telefon <span aria-hidden=\"true\" role=\"presentation\" class=\"field_required\" style=\"color:#ee0000;\">*<\/span><\/label>\r\n\t<div class=\"\">\r\n\t\t<input   required type=\"phone\" data-field=\"fld_3389345\" class=\" form-control\" id=\"fld_3389345_1\" name=\"fld_3389345\" value=\"\" data-type=\"phone\" aria-required=\"true\"   aria-labelledby=\"fld_3389345Label\" >\t\t\t<\/div>\r\n<\/div>\r\n<\/div><div  class=\"col-sm-6  last_col\"><div data-field-wrapper=\"fld_5057360\" class=\"form-group\" id=\"fld_5057360_1-wrap\">\r\n\t<label id=\"fld_5057360Label\" for=\"fld_5057360_1\" class=\"control-label\">E-Mail Adresse <span aria-hidden=\"true\" role=\"presentation\" class=\"field_required\" style=\"color:#ee0000;\">*<\/span><\/label>\r\n\t<div class=\"\">\r\n\t\t<input   required type=\"email\" data-field=\"fld_5057360\" class=\" form-control\" id=\"fld_5057360_1\" name=\"fld_5057360\" value=\"\" data-type=\"email\" aria-required=\"true\"   aria-labelledby=\"fld_5057360Label\" >\t\t\t<\/div>\r\n<\/div>\r\n<\/div><\/div><div id=\"CF5c9119be40abf_1-row-4\"  class=\"row \"><div  class=\"col-sm-6  first_col\"><div data-field-wrapper=\"fld_6827979\" class=\"form-group\" id=\"fld_6827979_1-wrap\">\r\n\t<label id=\"fld_6827979Label\" for=\"fld_6827979_1\" class=\"control-label\">Anzahl Erwachsene <span aria-hidden=\"true\" role=\"presentation\" class=\"field_required\" style=\"color:#ee0000;\">*<\/span><\/label>\r\n\t<div class=\"\">\r\n\t\t<input   required type=\"number\" data-field=\"fld_6827979\" class=\" form-control\" id=\"fld_6827979_1\" name=\"fld_6827979\" value=\"\" data-type=\"number\" min=\"1\" data-parsley-type=\"number\" aria-required=\"true\"   aria-labelledby=\"fld_6827979Label\" >\t\t\t<\/div>\r\n<\/div>\r\n<\/div><div  class=\"col-sm-3 \"><div data-field-wrapper=\"fld_9344573\" class=\"form-group\" id=\"fld_9344573_1-wrap\">\r\n\t<label id=\"fld_9344573Label\" for=\"fld_9344573_1\" class=\"control-label\">Anzahl Kinder <span aria-hidden=\"true\" role=\"presentation\" class=\"field_required\" style=\"color:#ee0000;\">*<\/span><\/label>\r\n\t<div class=\"\">\r\n\t\t<input   required type=\"number\" data-field=\"fld_9344573\" class=\" form-control\" id=\"fld_9344573_1\" name=\"fld_9344573\" value=\"\" data-type=\"number\" min=\"0\" data-parsley-type=\"number\" aria-required=\"true\"   aria-labelledby=\"fld_9344573Label\" >\t\t\t<\/div>\r\n<\/div>\r\n<\/div><div  class=\"col-sm-3  last_col\"><div data-field-wrapper=\"fld_1889716\" class=\"form-group\" id=\"fld_1889716_1-wrap\">\r\n\t<label id=\"fld_1889716Label\" for=\"fld_1889716_1\" class=\"control-label\">Kinderbett? <span aria-hidden=\"true\" role=\"presentation\" class=\"field_required\" style=\"color:#ee0000;\">*<\/span><\/label>\r\n\t<div class=\"\">\r\n\t\t<select name=\"fld_1889716\" value=\"\" data-field=\"fld_1889716\" class=\"form-control\" id=\"fld_1889716_1\"  required=\"required\"  aria-labelledby=\"fld_1889716Label\" >\n\t\t<option value=\"\"><\/option>\r\n\t\t\t\t\t<option value=\"Ja\"  data-calc-value=\"Ja\" >\n\t\t\t\t\t\tJa\t\t\t\t\t<\/option>\n\t\t\t\t\t\t\t\t\t\t<option value=\"Nein\"  data-calc-value=\"Nein\" >\n\t\t\t\t\t\tNein\t\t\t\t\t<\/option>\n\t\t\t\t\t\t\t<\/select>\n\t\t\t<\/div>\r\n<\/div>\r\n<\/div><\/div><div id=\"CF5c9119be40abf_1-row-5\"  class=\"row \"><div  class=\"col-sm-6  first_col\">\n<div data-field-wrapper=\"fld_7515434\" class=\"form-group\" id=\"fld_7515434_1-wrap\">\r\n\t<label id=\"fld_7515434Label\" for=\"fld_7515434_1\" class=\"control-label\">Anreise <span aria-hidden=\"true\" role=\"presentation\" class=\"field_required\" style=\"color:#ee0000;\">*<\/span><\/label>\r\n\t<div class=\"\">\r\n\t\t<input  type=\"text\" data-provide=\"cfdatepicker\" name=\"fld_7515434\" value=\"\" id=\"fld_7515434_1\" data-field=\"fld_7515434\" class=\"form-control cfdatepicker is-cfdatepicker\" data-date-format=\"dd.mm.yyyy\" required=\"1\" data-date-start-view=\"month\"  data-date-start-date=\"0d\" data-date-language=\"de\"   aria-labelledby=\"fld_7515434Label\" required  \/>\n\t\t\t<\/div>\r\n<\/div>\r\n<\/div><div  class=\"col-sm-6  last_col\">\n<div data-field-wrapper=\"fld_2553426\" class=\"form-group\" id=\"fld_2553426_1-wrap\">\r\n\t<label id=\"fld_2553426Label\" for=\"fld_2553426_1\" class=\"control-label\">Abreise <span aria-hidden=\"true\" role=\"presentation\" class=\"field_required\" style=\"color:#ee0000;\">*<\/span><\/label>\r\n\t<div class=\"\">\r\n\t\t<input  type=\"text\" data-provide=\"cfdatepicker\" name=\"fld_2553426\" value=\"\" id=\"fld_2553426_1\" data-field=\"fld_2553426\" class=\"form-control cfdatepicker is-cfdatepicker\" data-date-format=\"dd.mm.yyyy\" required=\"1\" data-date-start-view=\"month\"  data-date-start-date=\"0d\" data-date-language=\"de\"   aria-labelledby=\"fld_2553426Label\" required  \/>\n\t\t\t<\/div>\r\n<\/div>\r\n<\/div><\/div><div id=\"CF5c9119be40abf_1-row-6\"  class=\"row  last_row\"><div  class=\"col-sm-12  single\"><div data-field-wrapper=\"fld_934746\" class=\"form-group\" id=\"fld_934746_1-wrap\">\r\n\t<label id=\"fld_934746Label\" for=\"fld_934746_1\" class=\"control-label\">Wohnung <span aria-hidden=\"true\" role=\"presentation\" class=\"field_required\" style=\"color:#ee0000;\">*<\/span><\/label>\r\n\t<div class=\"\">\r\n\t\t<select name=\"fld_934746\" value=\"\" data-field=\"fld_934746\" class=\"form-control\" id=\"fld_934746_1\"  required=\"required\"  aria-labelledby=\"fld_934746Label\" >\n\t\t<option value=\"\"><\/option>\r\n\t\t\t\t\t<option value=\"Haus Bias - beliebige Wohnung\"  data-calc-value=\"Haus Bias - beliebige Wohnung\" >\n\t\t\t\t\t\tHaus Bias - beliebige Wohnung\t\t\t\t\t<\/option>\n\t\t\t\t\t\t\t\t\t\t<option value=\"Haus Bias - Wohnung 3\"  data-calc-value=\"Haus Bias - Wohnung 3\" >\n\t\t\t\t\t\tHaus Bias - Wohnung 3\t\t\t\t\t<\/option>\n\t\t\t\t\t\t\t\t\t\t<option value=\"Haus Bias - Wohnung 4\"  data-calc-value=\"Haus Bias - Wohnung 4\" >\n\t\t\t\t\t\tHaus Bias - Wohnung 4\t\t\t\t\t<\/option>\n\t\t\t\t\t\t\t\t\t\t<option value=\"Haus Bias - Wohnung 5\"  data-calc-value=\"Haus Bias - Wohnung 5\" >\n\t\t\t\t\t\tHaus Bias - Wohnung 5\t\t\t\t\t<\/option>\n\t\t\t\t\t\t\t\t\t\t<option value=\"Haus Bias - Wohnung 6\"  data-calc-value=\"Haus Bias - Wohnung 6\" >\n\t\t\t\t\t\tHaus Bias - Wohnung 6\t\t\t\t\t<\/option>\n\t\t\t\t\t\t\t\t\t\t<option value=\"Haus Bias - Wohnung 7\"  data-calc-value=\"Haus Bias - Wohnung 7\" >\n\t\t\t\t\t\tHaus Bias - Wohnung 7\t\t\t\t\t<\/option>\n\t\t\t\t\t\t\t\t\t\t<option value=\"Haus Bias - Wohnung 8\"  data-calc-value=\"Haus Bias - Wohnung 8\" >\n\t\t\t\t\t\tHaus Bias - Wohnung 8\t\t\t\t\t<\/option>\n\t\t\t\t\t\t\t\t\t\t<option value=\"Haus Bias - Suite 9\"  data-calc-value=\"Haus Bias - Suite 9\" >\n\t\t\t\t\t\tHaus Bias - Suite 9\t\t\t\t\t<\/option>\n\t\t\t\t\t\t\t\t\t\t<option value=\"Haus Bias - Suite 10\"  data-calc-value=\"Haus Bias - Suite 10\" >\n\t\t\t\t\t\tHaus Bias - Suite 10\t\t\t\t\t<\/option>\n\t\t\t\t\t\t\t\t\t\t<option value=\"Haus Bias - Suite 11\"  data-calc-value=\"Haus Bias - Suite 11\" >\n\t\t\t\t\t\tHaus Bias - Suite 11\t\t\t\t\t<\/option>\n\t\t\t\t\t\t\t\t\t\t<option value=\"Haus Anja - beliebige Wohnung\"  data-calc-value=\"Haus Anja - beliebige Wohnung\" >\n\t\t\t\t\t\tHaus Anja - beliebige Wohnung\t\t\t\t\t<\/option>\n\t\t\t\t\t\t\t\t\t\t<option value=\"Haus Anja - Erdgeschoss\"  data-calc-value=\"Haus Anja - Erdgeschoss\" >\n\t\t\t\t\t\tHaus Anja - Erdgeschoss\t\t\t\t\t<\/option>\n\t\t\t\t\t\t\t\t\t\t<option value=\"Haus Anja - Obergeschoss\"  data-calc-value=\"Haus Anja - Obergeschoss\" >\n\t\t\t\t\t\tHaus Anja - Obergeschoss\t\t\t\t\t<\/option>\n\t\t\t\t\t\t\t<\/select>\n\t\t\t<\/div>\r\n<\/div>\r\n<div data-field-wrapper=\"fld_7407149\" class=\"form-group\" id=\"fld_7407149_1-wrap\">\r\n\t<label id=\"fld_7407149Label\" for=\"fld_7407149_1\" class=\"control-label\">Fragen\/ Anmerkungen<\/label>\r\n\t<div class=\"\">\r\n\t\t<textarea name=\"fld_7407149\" value=\"\" data-field=\"fld_7407149\" class=\"form-control\" id=\"fld_7407149_1\" rows=\"4\"    aria-labelledby=\"fld_7407149Label\" ><\/textarea>\n\t\t\t<\/div>\r\n<\/div>\r\n<div data-field-wrapper=\"fld_7747478\" class=\"form-group\" id=\"fld_7747478_1-wrap\">\r\n\t<label id=\"fld_7747478Label\" for=\"fld_7747478_1\" class=\"control-label screen-reader-text sr-only\">Datenschutz<\/label>\r\n\t<div class=\"\">\r\n\t\t\t\t\t\t\n                <label  class=\"checkbox-inline\"                        for=\"fld_7747478_1_opt1221542\"\n                >\n                            <input\n                                data-parsley-required=\"true\" data-parsley-group=\"fld_7747478_1\" data-parsley-multiple=\"fld_7747478_1\"                                type=\"checkbox\"\n                                data-label=\"Ich habe die &lt;a href=&quot;https:\/\/haus-bias.de\/fewo\/datenschutzerklaerung\/&quot;&gt;Datenschutzerkl\u00e4rung&lt;\/a&gt; gelesen und akzeptiere diese\"\n                                data-field=\"fld_7747478\"\n                                id=\"fld_7747478_1_opt1221542\"\n                                class=\"fld_7747478_1 option-required\"\n                                name=\"fld_7747478[opt1221542]\"\n                                value=\"Ich habe die &lt;a href=&quot;https:\/\/haus-bias.de\/fewo\/datenschutzerklaerung\/&quot;&gt;Datenschutzerkl\u00e4rung&lt;\/a&gt; gelesen und akzeptiere diese\"\n                                                                data-type=\"checkbox\"\n                                data-checkbox-field=\"fld_7747478_1\"\n                                                                data-calc-value=\"Ich habe die &lt;a href=&quot;https:\/\/haus-bias.de\/fewo\/datenschutzerklaerung\/&quot;&gt;Datenschutzerkl\u00e4rung&lt;\/a&gt; gelesen und akzeptiere diese\"\n                            >\n                    Ich habe die <a href=\"https:\/\/haus-bias.de\/fewo\/datenschutzerklaerung\/\">Datenschutzerkl\u00e4rung<\/a> gelesen und akzeptiere diese                <\/label>\n\n                \t\t\t\t\t\t\t<\/div>\r\n<\/div>\r\n<div data-field-wrapper=\"fld_7210586\" class=\"form-group\" id=\"fld_7210586_1-wrap\">\r\n<div class=\"\">\r\n\t<input  class=\"btn btn-default\" type=\"submit\" name=\"fld_7210586\" id=\"fld_7210586_1\" value=\"Absenden\" data-field=\"fld_7210586\"  >\n<\/div>\r\n<\/div>\r\n\t<input class=\"button_trigger_1\" type=\"hidden\" name=\"fld_7210586\" id=\"fld_7210586_1_btn\" value=\"\" data-field=\"fld_7210586\"  \/>\n<\/div><\/div><\/form>\r\n<\/div>\r\n\n\n\t\t<\/div>\n\t<\/div>\n<div id=\"ts-info-notice-panel-5755558\" class=\"ts-info-notice-panel-main   \" style=\"margin-top: 0px; margin-bottom: 0px;\"><div class=\"ts-info-panel-wrapper ts-info-panel-info\" style=\" \"><div class=\"ts-info-panel-field\"><div class=\"ts-info-panel-info-icon\" style=\"width: 50px; height: 50px;\"><i class=\"fas fa-info-circle \" style=\"font-size: 50px; line-height: 50px; height: 50px; \"><\/i><\/div><div class=\"ts-info-panel-info-spacer\" style=\"width: 15px;\"><\/div><div class=\"ts-info-panel-info-desc\"><div class=\"ts-info-panel-info-main\" style=\"\"><p>Bitte \u00fcberpr\u00fcfen Sie auch Ihren Spam-Ordner, um unsere wichtige Buchungsbest\u00e4tigung nicht zu verpassen. Ihre Zufriedenheit liegt uns am Herzen!<\/p>\n<\/div><\/div><\/div><\/div><\/div><\/div><\/div><\/div><\/div>\n<\/div>","protected":false},"excerpt":{"rendered":"Unverbindliche Buchungsanfrage F\u00fcllen Sie das folgende Formular aus, um uns eine unverbindliche Buchungsanfrage f\u00fcr die Wohnung Ihrer Wahl zu schicken. Wir werden uns dann bei Ihnen melden! Phone Vorname * Nachname * Stra\u00dfe * Ort * Hausnummer * Postleitzahl * Telefon * E-Mail Adresse * Anzahl Erwachsene * Anzahl Kinder * Kinderbett? * Ja Nein [...]","protected":false},"author":1,"featured_media":0,"parent":0,"menu_order":0,"comment_status":"closed","ping_status":"closed","template":"","meta":{"footnotes":""},"class_list":["post-304","page","type-page","status-publish","hentry"],"_links":{"self":[{"href":"https:\/\/haus-bias.de\/fewo\/wp-json\/wp\/v2\/pages\/304","targetHints":{"allow":["GET"]}}],"collection":[{"href":"https:\/\/haus-bias.de\/fewo\/wp-json\/wp\/v2\/pages"}],"about":[{"href":"https:\/\/haus-bias.de\/fewo\/wp-json\/wp\/v2\/types\/page"}],"author":[{"embeddable":true,"href":"https:\/\/haus-bias.de\/fewo\/wp-json\/wp\/v2\/users\/1"}],"replies":[{"embeddable":true,"href":"https:\/\/haus-bias.de\/fewo\/wp-json\/wp\/v2\/comments?post=304"}],"version-history":[{"count":6,"href":"https:\/\/haus-bias.de\/fewo\/wp-json\/wp\/v2\/pages\/304\/revisions"}],"predecessor-version":[{"id":1076,"href":"https:\/\/haus-bias.de\/fewo\/wp-json\/wp\/v2\/pages\/304\/revisions\/1076"}],"wp:attachment":[{"href":"https:\/\/haus-bias.de\/fewo\/wp-json\/wp\/v2\/media?parent=304"}],"curies":[{"name":"wp","href":"https:\/\/api.w.org\/{rel}","templated":true}]}}