{"id":310,"date":"2019-03-08T12:23:26","date_gmt":"2019-03-08T12:23:26","guid":{"rendered":"http:\/\/bias.webagentur-dokoupil.de\/?page_id=310"},"modified":"2023-09-08T12:45:04","modified_gmt":"2023-09-08T10:45:04","slug":"kontakt","status":"publish","type":"page","link":"https:\/\/haus-bias.de\/fewo\/kontakt\/","title":{"rendered":"Kontakt"},"content":{"rendered":"<div class=\"wpb-content-wrapper\"><div class=\"vc_row wpb_row vc_row-fluid\"><div class=\"wpb_column vc_column_container vc_col-sm-6\"><div class=\"vc_column-inner\"><div class=\"wpb_wrapper\"><div id=\"ts-vcsc-icon-title-parent-4095254\" class=\"ts-vcsc-icon-title-parent     clearFixMe \" style=\"height: auto; margin-top:0px; margin-bottom:0px; font-family: Palatino Linotype, Book Antiqua, Palatino, serif; \"><div style=\"height: 100%; ; padding: 0px; font-size: 30px; text-align: left; color: #3d3d3d; font-weight:normal; \" class=\"ts-vcsc-icon-title ts-shortcode  ts-icon-title  simple-style\"><div class=\"\" style=\"width: 100%; line-height: 33px; vertical-align: middle;\"><div class=\"\" style=\"\"><div class=\"simple-style \" style=\"\"><div class=\"ts-icon-title-text \" style=\" text-align: left; line-height: 33px; font-size: 30px; \">Familie Bias<\/div><\/div><\/div><\/div><\/div><\/div><div class=\"clearboth\"><\/div>\n\t<div class=\"wpb_text_column wpb_content_element\" >\n\t\t<div class=\"wpb_wrapper\">\n\t\t\t<p>Petersweg 3<br \/>\n26465 Langeoog<br \/>\nTel: 04972 \/ 918020<br \/>\nFax: 04972 \/ 9180218<br \/>\nE-Mail:\u00a0<a class=\"style3\" href=\"mailto:info@haus-bias.de\" target=\"_blank\" rel=\"noopener noreferrer\">info@haus-bias.de<\/a><\/p>\n<p>Wir empfehlen eine Hotelstornoversicherung, die im Fall der F\u00e4lle die Stornokosten erstattet:<a href=\"https:\/\/www.magroup-online.com\/WL\/HPA\/DE\/de?agency=BIA021\" target=\"_blank\" rel=\"noopener noreferrer\">\u00a0Die Reiseversicherung der Allianz<\/a><\/p>\n<p>Bei Nichtwiedervermietung zahlungspflichtig 4 Monate vor Mietbeginn.<\/p>\n<p><strong>Anreise 13.30 mit dem Schiff ab Bensersiel<\/strong><\/p>\n<p>Bei Fragen zu den Wohnungen oder zu Ihrem Aufenthalt, nutzen Sie das folgenden Kontaktformular oder rufen Sie uns an!<\/p>\n\n\t\t<\/div>\n\t<\/div>\n<\/div><\/div><\/div><div class=\"wpb_column vc_column_container vc_col-sm-6\"><div class=\"vc_column-inner\"><div class=\"wpb_wrapper\"><div class=\"wpb_gmaps_widget wpb_content_element vc_map_responsive\"><div class=\"wpb_wrapper\"><div class=\"wpb_map_wraper\"><iframe loading=\"lazy\" src=\"https:\/\/www.google.com\/maps\/embed?pb=!1m18!1m12!1m3!1d2359.5044612542997!2d7.477441316122306!3d53.74489998006448!2m3!1f0!2f0!3f0!3m2!1i1024!2i768!4f13.1!3m3!1m2!1s0x47b67395b0d27a1f%3A0x3706479e710c7828!2sPetersweg+3%2C+26465+Langeoog!5e0!3m2!1sde!2sde!4v1552048319669\" width=\"600\" height=\"450\" frameborder=\"0\" style=\"border:0\" allowfullscreen><\/iframe><\/div><\/div><\/div><\/div><\/div><\/div><\/div><div class=\"vc_row wpb_row vc_row-fluid\"><div class=\"wpb_column vc_column_container vc_col-sm-12\"><div class=\"vc_column-inner\"><div class=\"wpb_wrapper\"><div class=\"vc_empty_space\"   style=\"height: 30px\"><span class=\"vc_empty_space_inner\"><\/span><\/div><div class=\"vc_separator wpb_content_element vc_separator_align_center vc_sep_width_100 vc_sep_pos_align_center vc_separator_no_text vc_sep_color_grey wpb_content_element  wpb_content_element\" ><span class=\"vc_sep_holder vc_sep_holder_l\"><span class=\"vc_sep_line\"><\/span><\/span><span class=\"vc_sep_holder vc_sep_holder_r\"><span class=\"vc_sep_line\"><\/span><\/span>\n<\/div><\/div><\/div><\/div><\/div><div class=\"vc_row wpb_row vc_row-fluid\"><div class=\"wpb_column vc_column_container vc_col-sm-12\"><div class=\"vc_column-inner\"><div class=\"wpb_wrapper\"><div id=\"ts-vcsc-icon-title-parent-6747688\" class=\"ts-vcsc-icon-title-parent     clearFixMe \" style=\"height: auto; margin-top:0px; margin-bottom:30px; font-family: Palatino Linotype, Book Antiqua, Palatino, serif; \"><div style=\"height: 100%; ; padding: 0px; font-size: 30px; text-align: center; color: #3d3d3d; font-weight:normal; \" class=\"ts-vcsc-icon-title ts-shortcode  ts-icon-title  simple-style\"><div class=\"\" style=\"width: 100%; line-height: 33px; vertical-align: middle;\"><div class=\"\" style=\"\"><div class=\"simple-style \" style=\"\"><div class=\"ts-icon-title-text \" style=\" text-align: center; line-height: 33px; font-size: 30px; \">Kontaktformular<\/div><\/div><\/div><\/div><\/div><\/div><div class=\"clearboth\"><\/div>\n\t<div class=\"wpb_text_column wpb_content_element\" >\n\t\t<div class=\"wpb_wrapper\">\n\t\t\t<div class=\"caldera-grid\" id=\"caldera_form_1\" data-cf-ver=\"1.9.7\" data-cf-form-id=\"CF5c826139791bd\"><div id=\"caldera_notices_1\" data-spinner=\"https:\/\/haus-bias.de\/fewo\/wp-admin\/images\/spinner.gif\"><\/div><form data-instance=\"1\" class=\"CF5c826139791bd caldera_forms_form cfajax-trigger\" method=\"POST\" enctype=\"multipart\/form-data\" id=\"CF5c826139791bd_1\" data-form-id=\"CF5c826139791bd\" aria-label=\"Kontakt\" data-target=\"#caldera_notices_1\" data-template=\"#cfajax_CF5c826139791bd-tmpl\" data-cfajax=\"CF5c826139791bd\" data-load-element=\"_parent\" data-load-class=\"cf_processing\" data-post-disable=\"0\" data-action=\"cf_process_ajax_submit\" data-request=\"https:\/\/haus-bias.de\/fewo\/cf-api\/CF5c826139791bd\" data-hiderows=\"true\">\r\n<input type=\"hidden\" id=\"_cf_verify_CF5c826139791bd\" name=\"_cf_verify\" value=\"faabedeee9\"  data-nonce-time=\"1778827976\" \/><input type=\"hidden\" name=\"_wp_http_referer\" value=\"\/fewo\/wp-json\/wp\/v2\/pages\/310\" \/><div id=\"cf2-CF5c826139791bd_1\"><\/div><input type=\"hidden\" name=\"_cf_frm_id\" value=\"CF5c826139791bd\">\r\n<input type=\"hidden\" name=\"_cf_frm_ct\" value=\"1\">\r\n<input type=\"hidden\" name=\"cfajax\" value=\"CF5c826139791bd\">\r\n<input type=\"hidden\" name=\"_cf_cr_pst\" value=\"310\">\r\n<div class=\"hide\" style=\"display:none; overflow:hidden;height:0;width:0;\">\r\n<label>Twitter<\/label><input type=\"text\" name=\"twitter\" value=\"\" autocomplete=\"off\">\r\n<\/div><div id=\"CF5c826139791bd_1-row-1\"  class=\"row  first_row\"><div  class=\"col-sm-6  first_col\"><div data-field-wrapper=\"fld_1218345\" class=\"form-group\" id=\"fld_1218345_1-wrap\">\r\n\t<label id=\"fld_1218345Label\" for=\"fld_1218345_1\" class=\"control-label\">Vorname <span aria-hidden=\"true\" role=\"presentation\" class=\"field_required\" style=\"color:#ee0000;\">*<\/span><\/label>\r\n\t<div class=\"\">\r\n\t\t<input   required type=\"text\" data-field=\"fld_1218345\" class=\" form-control\" id=\"fld_1218345_1\" name=\"fld_1218345\" value=\"\" data-type=\"text\" aria-required=\"true\"   aria-labelledby=\"fld_1218345Label\" >\t\t\t<\/div>\r\n<\/div>\r\n<\/div><div  class=\"col-sm-6  last_col\"><div data-field-wrapper=\"fld_9170040\" class=\"form-group\" id=\"fld_9170040_1-wrap\">\r\n\t<label id=\"fld_9170040Label\" for=\"fld_9170040_1\" class=\"control-label\">Nachname <span aria-hidden=\"true\" role=\"presentation\" class=\"field_required\" style=\"color:#ee0000;\">*<\/span><\/label>\r\n\t<div class=\"\">\r\n\t\t<input   required type=\"text\" data-field=\"fld_9170040\" class=\" form-control\" id=\"fld_9170040_1\" name=\"fld_9170040\" value=\"\" data-type=\"text\" aria-required=\"true\"   aria-labelledby=\"fld_9170040Label\" >\t\t\t<\/div>\r\n<\/div>\r\n<\/div><\/div><div id=\"CF5c826139791bd_1-row-2\"  class=\"row \"><div  class=\"col-sm-6  first_col\"><div data-field-wrapper=\"fld_413190\" class=\"form-group\" id=\"fld_413190_1-wrap\">\r\n\t<label id=\"fld_413190Label\" for=\"fld_413190_1\" class=\"control-label\">E-Mail <span aria-hidden=\"true\" role=\"presentation\" class=\"field_required\" style=\"color:#ee0000;\">*<\/span><\/label>\r\n\t<div class=\"\">\r\n\t\t<input   required type=\"email\" data-field=\"fld_413190\" class=\" form-control\" id=\"fld_413190_1\" name=\"fld_413190\" value=\"\" data-type=\"email\" aria-required=\"true\"   aria-labelledby=\"fld_413190Label\" >\t\t\t<\/div>\r\n<\/div>\r\n<\/div><div  class=\"col-sm-6  last_col\"><div data-field-wrapper=\"fld_3009751\" class=\"form-group\" id=\"fld_3009751_1-wrap\">\r\n\t<label id=\"fld_3009751Label\" for=\"fld_3009751_1\" class=\"control-label\">Telefonnummer <span aria-hidden=\"true\" role=\"presentation\" class=\"field_required\" style=\"color:#ee0000;\">*<\/span><\/label>\r\n\t<div class=\"\">\r\n\t\t<input   required type=\"text\" data-field=\"fld_3009751\" class=\" form-control\" id=\"fld_3009751_1\" name=\"fld_3009751\" value=\"\" data-type=\"text\" aria-required=\"true\"   aria-labelledby=\"fld_3009751Label\" >\t\t\t<\/div>\r\n<\/div>\r\n<\/div><\/div><div id=\"CF5c826139791bd_1-row-3\"  class=\"row  last_row\"><div  class=\"col-sm-12  single\"><div data-field-wrapper=\"fld_5429463\" class=\"form-group\" id=\"fld_5429463_1-wrap\">\r\n\t<label id=\"fld_5429463Label\" for=\"fld_5429463_1\" class=\"control-label\">Fragen\/ Anmerkungen <span aria-hidden=\"true\" role=\"presentation\" class=\"field_required\" style=\"color:#ee0000;\">*<\/span><\/label>\r\n\t<div class=\"\">\r\n\t\t<textarea name=\"fld_5429463\" value=\"\" data-field=\"fld_5429463\" class=\"form-control\" id=\"fld_5429463_1\" rows=\"4\"  required=\"required\"  aria-labelledby=\"fld_5429463Label\" ><\/textarea>\n\t\t\t<\/div>\r\n<\/div>\r\n<div data-field-wrapper=\"fld_6012996\" class=\"form-group\" id=\"fld_6012996_1-wrap\">\r\n\t<label id=\"fld_6012996Label\" for=\"fld_6012996_1\" class=\"control-label screen-reader-text sr-only\">Datenschutz<\/label>\r\n\t<div class=\"\">\r\n\t\t\t\t\t\t\n                <label  class=\"checkbox-inline\"                        for=\"fld_6012996_1_opt1857356\"\n                >\n                            <input\n                                data-parsley-required=\"true\" data-parsley-group=\"fld_6012996_1\" data-parsley-multiple=\"fld_6012996_1\"                                type=\"checkbox\"\n                                data-label=\"Ich habe die &lt;a href=&quot;https:\/\/haus-bias.de\/fewo\/datenschutzerklaerung\/&quot;&gt;Datenschutzerkl\u00e4rung&lt;\/a&gt; gelesen und akzeptiere diese\"\n                                data-field=\"fld_6012996\"\n                                id=\"fld_6012996_1_opt1857356\"\n                                class=\"fld_6012996_1 option-required\"\n                                name=\"fld_6012996[opt1857356]\"\n                                value=\"Ich habe die &lt;a href=&quot;https:\/\/haus-bias.de\/fewo\/datenschutzerklaerung\/&quot;&gt;Datenschutzerkl\u00e4rung&lt;\/a&gt; gelesen und akzeptiere diese\"\n                                                                data-type=\"checkbox\"\n                                data-checkbox-field=\"fld_6012996_1\"\n                                                                data-calc-value=\"Ich habe die &lt;a href=&quot;https:\/\/haus-bias.de\/fewo\/datenschutzerklaerung\/&quot;&gt;Datenschutzerkl\u00e4rung&lt;\/a&gt; gelesen und akzeptiere diese\"\n                            >\n                    Ich habe die <a href=\"https:\/\/haus-bias.de\/fewo\/datenschutzerklaerung\/\">Datenschutzerkl\u00e4rung<\/a> gelesen und akzeptiere diese                <\/label>\n\n                \t\t\t\t\t\t\t<\/div>\r\n<\/div>\r\n<div data-field-wrapper=\"fld_2113032\" class=\"form-group\" id=\"fld_2113032_1-wrap\">\r\n<div class=\"\">\r\n\t<input  class=\"btn btn-default\" type=\"submit\" name=\"fld_2113032\" id=\"fld_2113032_1\" value=\"Absenden\" data-field=\"fld_2113032\"  >\n<\/div>\r\n<\/div>\r\n\t<input class=\"button_trigger_1\" type=\"hidden\" name=\"fld_2113032\" id=\"fld_2113032_1_btn\" value=\"\" data-field=\"fld_2113032\"  \/>\n<\/div><\/div><\/form>\r\n<\/div>\r\n\n\n\t\t<\/div>\n\t<\/div>\n<div id=\"ts-info-notice-panel-7670584\" class=\"ts-info-notice-panel-main   \" style=\"margin-top: 0px; margin-bottom: 0px;\"><div class=\"ts-info-panel-wrapper ts-info-panel-info\" style=\" \"><div class=\"ts-info-panel-field\"><div class=\"ts-info-panel-info-icon\" style=\"width: 50px; height: 50px;\"><i class=\"fas fa-info-circle \" style=\"font-size: 50px; line-height: 50px; height: 50px; \"><\/i><\/div><div class=\"ts-info-panel-info-spacer\" style=\"width: 15px;\"><\/div><div class=\"ts-info-panel-info-desc\"><div class=\"ts-info-panel-info-main\" style=\"\"><p>Bitte \u00fcberpr\u00fcfen Sie auch Ihren Spam-Ordner, um unsere wichtige Buchungsbest\u00e4tigung nicht zu verpassen. Ihre Zufriedenheit liegt uns am Herzen!<\/p>\n<\/div><\/div><\/div><\/div><\/div><\/div><\/div><\/div><\/div>\n<\/div>","protected":false},"excerpt":{"rendered":"Familie Bias Petersweg 3 26465 Langeoog Tel: 04972 \/ 918020 Fax: 04972 \/ 9180218 E-Mail:\u00a0info@haus-bias.de Wir empfehlen eine Hotelstornoversicherung, die im Fall der F\u00e4lle die Stornokosten erstattet:\u00a0Die Reiseversicherung der Allianz Bei Nichtwiedervermietung zahlungspflichtig 4 Monate vor Mietbeginn. Anreise 13.30 mit dem Schiff ab Bensersiel Bei Fragen zu den Wohnungen oder zu Ihrem Aufenthalt, nutzen Sie [...]","protected":false},"author":1,"featured_media":0,"parent":0,"menu_order":0,"comment_status":"closed","ping_status":"closed","template":"","meta":{"footnotes":""},"class_list":["post-310","page","type-page","status-publish","hentry"],"_links":{"self":[{"href":"https:\/\/haus-bias.de\/fewo\/wp-json\/wp\/v2\/pages\/310","targetHints":{"allow":["GET"]}}],"collection":[{"href":"https:\/\/haus-bias.de\/fewo\/wp-json\/wp\/v2\/pages"}],"about":[{"href":"https:\/\/haus-bias.de\/fewo\/wp-json\/wp\/v2\/types\/page"}],"author":[{"embeddable":true,"href":"https:\/\/haus-bias.de\/fewo\/wp-json\/wp\/v2\/users\/1"}],"replies":[{"embeddable":true,"href":"https:\/\/haus-bias.de\/fewo\/wp-json\/wp\/v2\/comments?post=310"}],"version-history":[{"count":13,"href":"https:\/\/haus-bias.de\/fewo\/wp-json\/wp\/v2\/pages\/310\/revisions"}],"predecessor-version":[{"id":1077,"href":"https:\/\/haus-bias.de\/fewo\/wp-json\/wp\/v2\/pages\/310\/revisions\/1077"}],"wp:attachment":[{"href":"https:\/\/haus-bias.de\/fewo\/wp-json\/wp\/v2\/media?parent=310"}],"curies":[{"name":"wp","href":"https:\/\/api.w.org\/{rel}","templated":true}]}}