{"id":313,"date":"2019-03-08T12:23:37","date_gmt":"2019-03-08T12:23:37","guid":{"rendered":"http:\/\/bias.webagentur-dokoupil.de\/?page_id=313"},"modified":"2023-02-16T09:50:04","modified_gmt":"2023-02-16T08:50:04","slug":"impressum","status":"publish","type":"page","link":"https:\/\/haus-bias.de\/fewo\/impressum\/","title":{"rendered":"Impressum"},"content":{"rendered":"<div class=\"wpb-content-wrapper\"><div class=\"vc_row wpb_row vc_row-fluid\"><div class=\"wpb_column vc_column_container vc_col-sm-12\"><div class=\"vc_column-inner\"><div class=\"wpb_wrapper\"><div id=\"ts-vcsc-icon-title-parent-1224377\" class=\"ts-vcsc-icon-title-parent     clearFixMe \" style=\"height: auto; margin-top:0px; margin-bottom:0px; font-family: Palatino Linotype, Book Antiqua, Palatino, serif; \"><div style=\"height: 100%; ; padding: 0px; font-size: 30px; text-align: center; color: #3d3d3d; font-weight:normal; \" class=\"ts-vcsc-icon-title ts-shortcode  ts-icon-title  simple-style\"><div class=\"\" style=\"width: 100%; line-height: 33px; vertical-align: middle;\"><div class=\"\" style=\"\"><div class=\"simple-style \" style=\"\"><div class=\"ts-icon-title-text \" style=\" text-align: center; line-height: 33px; font-size: 30px; \">Impressum<\/div><\/div><\/div><\/div><\/div><\/div><div class=\"clearboth\"><\/div>\n\t<div class=\"wpb_text_column wpb_content_element\" >\n\t\t<div class=\"wpb_wrapper\">\n\t\t\t<p><strong>Familie Bias<\/strong><br \/>\nPetersweg 3<br \/>\n26465 Langeoog<\/p>\n<p>Fon: 04972 \/ 918020<br \/>\nFax: 04972 \/ 9180218<br \/>\nE-Mail: <a href=\"mailto:info@haus-bias.de\">info@haus-bias.de<\/a><\/p>\n<p><strong>Gestaltung und technische Umsetzung<\/strong><\/p>\n<p><img loading=\"lazy\" decoding=\"async\" class=\"alignnone size-medium wp-image-883\" src=\"https:\/\/haus-bias.de\/fewo\/wp-content\/uploads\/2021\/02\/Logo_MeerWERT_MEDIA_SMALL-300x159.png\" alt=\"MeerWERT MEDIA\" width=\"300\" height=\"159\" srcset=\"https:\/\/haus-bias.de\/fewo\/wp-content\/uploads\/2021\/02\/Logo_MeerWERT_MEDIA_SMALL-300x159.png 300w, https:\/\/haus-bias.de\/fewo\/wp-content\/uploads\/2021\/02\/Logo_MeerWERT_MEDIA_SMALL-768x407.png 768w, https:\/\/haus-bias.de\/fewo\/wp-content\/uploads\/2021\/02\/Logo_MeerWERT_MEDIA_SMALL-710x375.png 710w, https:\/\/haus-bias.de\/fewo\/wp-content\/uploads\/2021\/02\/Logo_MeerWERT_MEDIA_SMALL-705x374.png 705w, https:\/\/haus-bias.de\/fewo\/wp-content\/uploads\/2021\/02\/Logo_MeerWERT_MEDIA_SMALL-450x239.png 450w, https:\/\/haus-bias.de\/fewo\/wp-content\/uploads\/2021\/02\/Logo_MeerWERT_MEDIA_SMALL.png 773w\" sizes=\"auto, (max-width: 300px) 100vw, 300px\" \/><\/p>\n<p>MeerWERT MEDIA \u2013 Ihre Werbeagentur aus Oldenburg<\/p>\n<p><a href=\"http:\/\/www.meer-wert-media.de\/\">www.meer-wert-media.de<\/a><\/p>\n<p>Lindenstra\u00dfe 19<br \/>\n26123 Oldenburg<\/p>\n<p>Telefon: 0441\/30424988<br \/>\nE-Mail:\u00a0<a href=\"mailto:moin@meer-wert-media.de\">moin@meer-wert-media.de<\/a><\/p>\n<p><strong>Fotos<\/strong><\/p>\n<p>Dr. Klaus Kremer<br \/>\n<a href=\"https:\/\/www.langeoognews.de\/langeoog-aktuell\/\" target=\"_blank\" rel=\"noopener noreferrer\">www.langeoog-news.de<\/a><\/p>\n<p><strong>Online-Streitbeilegung<\/strong><br \/>\n\u201eHinweis zur Online-Streitbeilegung gem\u00e4\u00df Art. 14 Abs. 1 ODR-VO: Die Europ\u00e4ische Kommission stellt eine Plattform zur Online-Streitbeilegung (OS) bereit, die Sie unter <a href=\"http:\/\/ec.europa.eu\/consumers\/odr\/\" target=\"_blank\" rel=\"noopener noreferrer\">http:\/\/ec.europa.eu\/consumers\/odr\/<\/a> finden.\u201d<\/p>\n\n\t\t<\/div>\n\t<\/div>\n<\/div><\/div><\/div><\/div>\n<\/div>","protected":false},"excerpt":{"rendered":"Impressum Familie Bias Petersweg 3 26465 Langeoog Fon: 04972 \/ 918020 Fax: 04972 \/ 9180218 E-Mail: info@haus-bias.de Gestaltung und technische Umsetzung MeerWERT MEDIA \u2013 Ihre Werbeagentur aus Oldenburg www.meer-wert-media.de Lindenstra\u00dfe 19 26123 Oldenburg Telefon: 0441\/30424988 E-Mail:\u00a0moin@meer-wert-media.de Fotos Dr. Klaus Kremer www.langeoog-news.de Online-Streitbeilegung \u201eHinweis zur Online-Streitbeilegung gem\u00e4\u00df Art. 14 Abs. 1 ODR-VO: Die Europ\u00e4ische Kommission stellt [...]","protected":false},"author":1,"featured_media":0,"parent":0,"menu_order":0,"comment_status":"closed","ping_status":"closed","template":"","meta":{"footnotes":""},"class_list":["post-313","page","type-page","status-publish","hentry"],"_links":{"self":[{"href":"https:\/\/haus-bias.de\/fewo\/wp-json\/wp\/v2\/pages\/313","targetHints":{"allow":["GET"]}}],"collection":[{"href":"https:\/\/haus-bias.de\/fewo\/wp-json\/wp\/v2\/pages"}],"about":[{"href":"https:\/\/haus-bias.de\/fewo\/wp-json\/wp\/v2\/types\/page"}],"author":[{"embeddable":true,"href":"https:\/\/haus-bias.de\/fewo\/wp-json\/wp\/v2\/users\/1"}],"replies":[{"embeddable":true,"href":"https:\/\/haus-bias.de\/fewo\/wp-json\/wp\/v2\/comments?post=313"}],"version-history":[{"count":6,"href":"https:\/\/haus-bias.de\/fewo\/wp-json\/wp\/v2\/pages\/313\/revisions"}],"predecessor-version":[{"id":1024,"href":"https:\/\/haus-bias.de\/fewo\/wp-json\/wp\/v2\/pages\/313\/revisions\/1024"}],"wp:attachment":[{"href":"https:\/\/haus-bias.de\/fewo\/wp-json\/wp\/v2\/media?parent=313"}],"curies":[{"name":"wp","href":"https:\/\/api.w.org\/{rel}","templated":true}]}}